{"id":2,"date":"2017-04-18T15:25:53","date_gmt":"2017-04-18T13:25:53","guid":{"rendered":"http:\/\/www.zizers-katholisch.ch\/site\/?page_id=2"},"modified":"2026-04-13T17:24:56","modified_gmt":"2026-04-13T15:24:56","slug":"herzlich-willkommen-in-unserer-kirchgemeinde-schoen-dass-sie-sich-zeit-fuer-uns-nehmen","status":"publish","type":"page","link":"https:\/\/www.zizers-katholisch.ch\/site\/","title":{"rendered":""},"content":{"rendered":"<p>Termine und Anl\u00e4sse finden Sie unter &#8222;Veranstaltungen&#8220; oder in der aktuellen Ausgabe unseres Pfarrblatts:&nbsp;<\/p>\n<p><span style=\"color: #ff0000;\"><a href=\"http:\/\/www.zizers-katholisch.ch\/site\/wp-content\/uploads\/2026\/03\/Pfarreiblatt-Zizers-April-2026.pdf\">Pfarreiblatt April 2026<\/a><\/span><\/p>\n<p><span style=\"color: #ff0000;\"><strong>!!Wichtige Mitteilung!!<\/strong><\/span><\/p>\n<p><strong>Neuer Standort des Sekretariats<\/strong><\/p>\n<p>Das Sekretariat befindet sich ab sofort <strong>im Kirchgemeindehaus<\/strong>.<br>W\u00e4hrend den B\u00fcro\u00f6ffnungszeiten ist das Kirchgemeindehaus offen. <br>Bitte einfach eintreten.<\/p>\n<p><strong>Postadresse<\/strong><br>Die Postadresse bleibt unver\u00e4ndert:<br>Vialstrasse 12<\/p>\n<p><strong>\u00d6ffnungszeiten<\/strong><br>Montag: 09:00 \u2013 11:00<br>Dienstag: 09:00 \u2013 11:00<br>Mittwoch: 09:00 \u2013 11:00<br>Donnerstag: 14:00 \u2013 16:00<\/p>\n<p><span style=\"color: #ff0000;\"><br><a href=\"http:\/\/www.zizers-katholisch.ch\/site\/wp-content\/uploads\/2026\/02\/Inserat-Organistin.png\"><img loading=\"lazy\" class=\"alignnone size-full wp-image-2563\" src=\"http:\/\/www.zizers-katholisch.ch\/site\/wp-content\/uploads\/2026\/02\/Inserat-Organistin.png\" alt=\"\" width=\"1240\" height=\"1748\" srcset=\"https:\/\/www.zizers-katholisch.ch\/site\/wp-content\/uploads\/2026\/02\/Inserat-Organistin.png 1240w, https:\/\/www.zizers-katholisch.ch\/site\/wp-content\/uploads\/2026\/02\/Inserat-Organistin-213x300.png 213w, https:\/\/www.zizers-katholisch.ch\/site\/wp-content\/uploads\/2026\/02\/Inserat-Organistin-726x1024.png 726w, https:\/\/www.zizers-katholisch.ch\/site\/wp-content\/uploads\/2026\/02\/Inserat-Organistin-768x1083.png 768w, https:\/\/www.zizers-katholisch.ch\/site\/wp-content\/uploads\/2026\/02\/Inserat-Organistin-1090x1536.png 1090w\" sizes=\"(max-width: 1240px) 100vw, 1240px\" \/><\/a><\/span><\/p>\n<p><\/p>\n<p><a href=\"http:\/\/www.zizers-katholisch.ch\/site\/wp-content\/uploads\/2026\/01\/Flyer-Bibelteilen-2026.jpg\"><img loading=\"lazy\" class=\"alignnone size-full wp-image-2521\" src=\"http:\/\/www.zizers-katholisch.ch\/site\/wp-content\/uploads\/2026\/01\/Flyer-Bibelteilen-2026.jpg\" alt=\"\" width=\"1024\" height=\"1536\" srcset=\"https:\/\/www.zizers-katholisch.ch\/site\/wp-content\/uploads\/2026\/01\/Flyer-Bibelteilen-2026.jpg 1024w, https:\/\/www.zizers-katholisch.ch\/site\/wp-content\/uploads\/2026\/01\/Flyer-Bibelteilen-2026-200x300.jpg 200w, https:\/\/www.zizers-katholisch.ch\/site\/wp-content\/uploads\/2026\/01\/Flyer-Bibelteilen-2026-683x1024.jpg 683w, https:\/\/www.zizers-katholisch.ch\/site\/wp-content\/uploads\/2026\/01\/Flyer-Bibelteilen-2026-768x1152.jpg 768w\" sizes=\"(max-width: 1024px) 100vw, 1024px\" \/><\/a><\/p>\n<p><a href=\"http:\/\/www.zizers-katholisch.ch\/site\/wp-content\/uploads\/2026\/01\/Grundkurs-Praevention-Handout-Sensibilisierung-1.-Halbtag.pdf\">Unterlagen Kurs Sensibilisierung 1. Teil<\/a><br><a href=\"http:\/\/www.zizers-katholisch.ch\/site\/wp-content\/uploads\/2026\/01\/Handout-Kurs-Sensibilisierung-2.-Halbtag.pdf\">Unterlagen Kurs Sensibilisierung 2. Teil<\/a><\/p>\n<p><\/p>\n<p><img loading=\"lazy\" class=\"alignnone size-full wp-image-2391\" src=\"http:\/\/www.zizers-katholisch.ch\/site\/wp-content\/uploads\/2025\/10\/Pfarrei-Ausflug-Einsiedeln-Pfarrblatt-Oktober-2025.jpg\" alt=\"\" width=\"2000\" height=\"1414\" srcset=\"https:\/\/www.zizers-katholisch.ch\/site\/wp-content\/uploads\/2025\/10\/Pfarrei-Ausflug-Einsiedeln-Pfarrblatt-Oktober-2025.jpg 2000w, https:\/\/www.zizers-katholisch.ch\/site\/wp-content\/uploads\/2025\/10\/Pfarrei-Ausflug-Einsiedeln-Pfarrblatt-Oktober-2025-300x212.jpg 300w, https:\/\/www.zizers-katholisch.ch\/site\/wp-content\/uploads\/2025\/10\/Pfarrei-Ausflug-Einsiedeln-Pfarrblatt-Oktober-2025-1024x724.jpg 1024w, https:\/\/www.zizers-katholisch.ch\/site\/wp-content\/uploads\/2025\/10\/Pfarrei-Ausflug-Einsiedeln-Pfarrblatt-Oktober-2025-768x543.jpg 768w, https:\/\/www.zizers-katholisch.ch\/site\/wp-content\/uploads\/2025\/10\/Pfarrei-Ausflug-Einsiedeln-Pfarrblatt-Oktober-2025-1536x1086.jpg 1536w, https:\/\/www.zizers-katholisch.ch\/site\/wp-content\/uploads\/2025\/10\/Pfarrei-Ausflug-Einsiedeln-Pfarrblatt-Oktober-2025-424x300.jpg 424w\" sizes=\"(max-width: 2000px) 100vw, 2000px\" \/><\/p>\n<p><img loading=\"lazy\" class=\"alignnone size-full wp-image-2392\" src=\"http:\/\/www.zizers-katholisch.ch\/site\/wp-content\/uploads\/2025\/10\/Mini-Ausflug-Pfarrblatt-Oktober-2025.jpg\" alt=\"\" width=\"2000\" height=\"1414\" srcset=\"https:\/\/www.zizers-katholisch.ch\/site\/wp-content\/uploads\/2025\/10\/Mini-Ausflug-Pfarrblatt-Oktober-2025.jpg 2000w, https:\/\/www.zizers-katholisch.ch\/site\/wp-content\/uploads\/2025\/10\/Mini-Ausflug-Pfarrblatt-Oktober-2025-300x212.jpg 300w, https:\/\/www.zizers-katholisch.ch\/site\/wp-content\/uploads\/2025\/10\/Mini-Ausflug-Pfarrblatt-Oktober-2025-1024x724.jpg 1024w, https:\/\/www.zizers-katholisch.ch\/site\/wp-content\/uploads\/2025\/10\/Mini-Ausflug-Pfarrblatt-Oktober-2025-768x543.jpg 768w, https:\/\/www.zizers-katholisch.ch\/site\/wp-content\/uploads\/2025\/10\/Mini-Ausflug-Pfarrblatt-Oktober-2025-1536x1086.jpg 1536w, https:\/\/www.zizers-katholisch.ch\/site\/wp-content\/uploads\/2025\/10\/Mini-Ausflug-Pfarrblatt-Oktober-2025-424x300.jpg 424w\" sizes=\"(max-width: 2000px) 100vw, 2000px\" \/><\/p>\n<p><img loading=\"lazy\" class=\"alignnone  wp-image-2248\" src=\"http:\/\/www.zizers-katholisch.ch\/site\/wp-content\/uploads\/2025\/04\/Bibelschreibstube.jpg\" alt=\"\" width=\"193\" height=\"754\"><\/p>\n<p><img loading=\"lazy\" class=\"alignnone  wp-image-2215\" src=\"http:\/\/www.zizers-katholisch.ch\/site\/wp-content\/uploads\/2025\/02\/Schlittelplausch-2025.jpg\" alt=\"\" width=\"191\" height=\"609\"><\/p>\n<p><img loading=\"lazy\" class=\"alignnone size-full wp-image-2193\" src=\"http:\/\/www.zizers-katholisch.ch\/site\/wp-content\/uploads\/2025\/01\/Adventsweekend-2024.jpg\" alt=\"\" width=\"556\" height=\"917\" srcset=\"https:\/\/www.zizers-katholisch.ch\/site\/wp-content\/uploads\/2025\/01\/Adventsweekend-2024.jpg 556w, https:\/\/www.zizers-katholisch.ch\/site\/wp-content\/uploads\/2025\/01\/Adventsweekend-2024-182x300.jpg 182w\" sizes=\"(max-width: 556px) 100vw, 556px\" \/><\/p>\n<p><img loading=\"lazy\" class=\"alignnone  wp-image-2056\" src=\"http:\/\/www.zizers-katholisch.ch\/site\/wp-content\/uploads\/2024\/07\/Lichterprozession-300x200.jpg\" alt=\"\" width=\"542\" height=\"369\"><\/p>\n<p><strong>Pilgerreise nach Lourdes<\/strong><a href=\"http:\/\/www.zizers-katholisch.ch\/site\/wp-content\/uploads\/2024\/07\/Pilgerreise-nach-Lourdes.pdf\"> (Link zum Bericht)<\/a><\/p>\n<p><img loading=\"lazy\" class=\"alignnone  wp-image-1962\" src=\"http:\/\/www.zizers-katholisch.ch\/site\/wp-content\/uploads\/2024\/02\/Lektoren-Beauftragung-2024.jpg\" alt=\"\" width=\"570\" height=\"868\"><\/p>\n<p><img loading=\"lazy\" class=\"alignnone size-full wp-image-1974\" src=\"http:\/\/www.zizers-katholisch.ch\/site\/wp-content\/uploads\/2024\/02\/Adventsweekend-2023.jpg\" alt=\"\" width=\"557\" height=\"434\" srcset=\"https:\/\/www.zizers-katholisch.ch\/site\/wp-content\/uploads\/2024\/02\/Adventsweekend-2023.jpg 557w, https:\/\/www.zizers-katholisch.ch\/site\/wp-content\/uploads\/2024\/02\/Adventsweekend-2023-300x234.jpg 300w, https:\/\/www.zizers-katholisch.ch\/site\/wp-content\/uploads\/2024\/02\/Adventsweekend-2023-385x300.jpg 385w\" sizes=\"(max-width: 557px) 100vw, 557px\" \/><\/p>\n<p><\/p>\n<p><img loading=\"lazy\" class=\"alignnone  wp-image-1921\" src=\"http:\/\/www.zizers-katholisch.ch\/site\/wp-content\/uploads\/2023\/12\/Ikonenkurs.jpg\" alt=\"\" width=\"599\" height=\"417\"><\/p>\n<p><img loading=\"lazy\" class=\"alignnone size-full wp-image-1922\" src=\"http:\/\/www.zizers-katholisch.ch\/site\/wp-content\/uploads\/2023\/12\/Bericht-Ikonenkurs.jpg\" alt=\"\" width=\"502\" height=\"807\" srcset=\"https:\/\/www.zizers-katholisch.ch\/site\/wp-content\/uploads\/2023\/12\/Bericht-Ikonenkurs.jpg 502w, https:\/\/www.zizers-katholisch.ch\/site\/wp-content\/uploads\/2023\/12\/Bericht-Ikonenkurs-187x300.jpg 187w\" sizes=\"(max-width: 502px) 100vw, 502px\" \/><\/p>\n<p><a href=\"https:\/\/ikonen-schule.ch\/2023\/10\/30\/impressionen-ikonenkurs-zizers-gr-oktober-23\/\">Link zur Ikonenschule<\/a><\/p>\n<p><img loading=\"lazy\" class=\"\" src=\"http:\/\/www.zizers-katholisch.ch\/site\/wp-content\/uploads\/2023\/10\/Reisebericht-Pfarreireise-2023.-V4.jpg\" alt=\"\" width=\"570\" height=\"898\"><\/p>\n<p><img loading=\"lazy\" class=\"alignnone  wp-image-1825\" src=\"http:\/\/www.zizers-katholisch.ch\/site\/wp-content\/uploads\/2023\/08\/Gottesdienst-im-Tschalaer.jpg\" alt=\"\" width=\"569\" height=\"464\"><\/p>\n<p><strong><img loading=\"lazy\" class=\"alignnone  wp-image-1828\" src=\"http:\/\/www.zizers-katholisch.ch\/site\/wp-content\/uploads\/2023\/08\/Abschied-Pfr.-Gehrmann-Sept.1.jpg\" alt=\"\" width=\"569\" height=\"423\"><\/strong><\/p>\n<p><strong>Pilgern auf den Spuren des hl. Fidelis&nbsp;<br><\/strong><img loading=\"lazy\" class=\"wp-image-1747 alignleft\" src=\"http:\/\/www.zizers-katholisch.ch\/site\/wp-content\/uploads\/2023\/05\/Foto-2Fidelis-2023-scaled.jpg\" alt=\"\" width=\"395\" height=\"267\"> Am 23. April machten sich 21 Pilger \u2013 der \u00c4lteste 90 und die J\u00fcngste 33 Jahre alt &#8211; auf den Weg nach Seewis, um dem letzten Weg des heiligen Fidelis f\u00fcr die Einheit der Christen zu folgen. Das Wetter war perfekt und die Pilger freuten sich auf den Weg. Wie Fidelis pilgerten die Gl\u00e4ubigen mit der Intention um Einheit, aber \u00fcber 400 Jahre sp\u00e4ter mit dem Bewusstsein, dass Einheit nicht Gleichheit bedeutet.<br>Nachdem die Gemeinschaft den Reisesegen erhalten hatte, begaben sie sich auf den Pilgerweg und legten ihre erste Rast am Waldgrillplatz am Ganda ein. Dort genossen sie ein schmackhaftes Picknick und veranstalteten ein Fidelis-Quiz, bevor sie ihren Weg fortsetzten und schliesslich in Gr\u00fcsch ankamen.<br>Nach dem ersten m\u00fchsamen und steilen Aufstieg zur Ruine Solavers machten die Pilger eine kurze Verschnaufpause, bevor sie den letzten Abschnitt gest\u00e4rkt durch den \u201eEngel des Herrn\u201c zum Ziel dem sogenannten \u201eFidelis-Br\u00fcnnlein\u201c meisterten. Nach einem Gebet, dem Einzelsegen mit der Fidelisreliquie und einer kurzen Stille, machten sich die Wallfahrer auf den Heimweg.<br><img loading=\"lazy\" class=\"alignnone  wp-image-1746\" src=\"http:\/\/www.zizers-katholisch.ch\/site\/wp-content\/uploads\/2023\/05\/Foto-1Fidelis-2023-scaled.jpg\" alt=\"\" width=\"534\" height=\"360\"><\/p>\n<p><\/p>\n\n\n\n","protected":false},"excerpt":{"rendered":"<p>Termine und Anl\u00e4sse finden Sie unter &#8222;Veranstaltungen&#8220; oder in der aktuellen Ausgabe unseres Pfarrblatts:&nbsp; Pfarreiblatt April 2026 !!Wichtige Mitteilung!! Neuer Standort des Sekretariats Das Sekretariat befindet sich ab sofort im Kirchgemeindehaus.W\u00e4hrend den B\u00fcro\u00f6ffnungszeiten ist das Kirchgemeindehaus offen. Bitte einfach eintreten. &hellip; <a href=\"https:\/\/www.zizers-katholisch.ch\/site\/\">Weiterlesen <span class=\"meta-nav\">&rarr;<\/span><\/a><\/p>\n","protected":false},"author":2,"featured_media":0,"parent":0,"menu_order":0,"comment_status":"closed","ping_status":"open","template":"","meta":[],"yoast_head":"<!-- This site is optimized with the Yoast SEO plugin v15.1.1 - https:\/\/yoast.com\/wordpress\/plugins\/seo\/ -->\n<meta name=\"robots\" content=\"index, follow, max-snippet:-1, max-image-preview:large, max-video-preview:-1\" \/>\n<link rel=\"canonical\" href=\"http:\/\/www.zizers-katholisch.ch\/site\/\" \/>\n<meta property=\"og:locale\" content=\"de_DE\" \/>\n<meta property=\"og:type\" content=\"article\" \/>\n<meta property=\"og:title\" content=\"Katholische Kirchgemeinde Zizers\" \/>\n<meta property=\"og:description\" content=\"Termine und Anl\u00e4sse finden Sie unter &#8222;Veranstaltungen&#8220; oder in der aktuellen Ausgabe unseres Pfarrblatts:&nbsp; Pfarreiblatt April 2026 !!Wichtige Mitteilung!! Neuer Standort des Sekretariats Das Sekretariat befindet sich ab sofort im Kirchgemeindehaus.W\u00e4hrend den B\u00fcro\u00f6ffnungszeiten ist das Kirchgemeindehaus offen. Bitte einfach eintreten. &hellip; Weiterlesen &rarr;\" \/>\n<meta property=\"og:url\" content=\"http:\/\/www.zizers-katholisch.ch\/site\/\" \/>\n<meta property=\"og:site_name\" content=\"Katholische Kirchgemeinde Zizers\" \/>\n<meta property=\"article:modified_time\" content=\"2026-04-13T15:24:56+00:00\" \/>\n<meta property=\"og:image\" content=\"http:\/\/www.zizers-katholisch.ch\/site\/wp-content\/uploads\/2026\/02\/Inserat-Organistin.png\" \/>\n<meta name=\"twitter:card\" content=\"summary\" \/>\n<script type=\"application\/ld+json\" class=\"yoast-schema-graph\">{\"@context\":\"https:\/\/schema.org\",\"@graph\":[{\"@type\":\"WebSite\",\"@id\":\"https:\/\/www.zizers-katholisch.ch\/site\/#website\",\"url\":\"https:\/\/www.zizers-katholisch.ch\/site\/\",\"name\":\"Katholische Kirchgemeinde Zizers\",\"description\":\"Herzlich Willkommen in unserer Kirchgemeinde!\",\"potentialAction\":[{\"@type\":\"SearchAction\",\"target\":\"https:\/\/www.zizers-katholisch.ch\/site\/?s={search_term_string}\",\"query-input\":\"required name=search_term_string\"}],\"inLanguage\":\"de\"},{\"@type\":\"ImageObject\",\"@id\":\"http:\/\/www.zizers-katholisch.ch\/site\/#primaryimage\",\"inLanguage\":\"de\",\"url\":\"http:\/\/www.zizers-katholisch.ch\/site\/wp-content\/uploads\/2026\/02\/Inserat-Organistin.png\"},{\"@type\":\"WebPage\",\"@id\":\"http:\/\/www.zizers-katholisch.ch\/site\/#webpage\",\"url\":\"http:\/\/www.zizers-katholisch.ch\/site\/\",\"name\":\"Katholische Kirchgemeinde Zizers\",\"isPartOf\":{\"@id\":\"https:\/\/www.zizers-katholisch.ch\/site\/#website\"},\"primaryImageOfPage\":{\"@id\":\"http:\/\/www.zizers-katholisch.ch\/site\/#primaryimage\"},\"datePublished\":\"2017-04-18T13:25:53+00:00\",\"dateModified\":\"2026-04-13T15:24:56+00:00\",\"inLanguage\":\"de\",\"potentialAction\":[{\"@type\":\"ReadAction\",\"target\":[\"http:\/\/www.zizers-katholisch.ch\/site\/\"]}]}]}<\/script>\n<!-- \/ Yoast SEO plugin. -->","_links":{"self":[{"href":"https:\/\/www.zizers-katholisch.ch\/site\/wp-json\/wp\/v2\/pages\/2"}],"collection":[{"href":"https:\/\/www.zizers-katholisch.ch\/site\/wp-json\/wp\/v2\/pages"}],"about":[{"href":"https:\/\/www.zizers-katholisch.ch\/site\/wp-json\/wp\/v2\/types\/page"}],"author":[{"embeddable":true,"href":"https:\/\/www.zizers-katholisch.ch\/site\/wp-json\/wp\/v2\/users\/2"}],"replies":[{"embeddable":true,"href":"https:\/\/www.zizers-katholisch.ch\/site\/wp-json\/wp\/v2\/comments?post=2"}],"version-history":[{"count":871,"href":"https:\/\/www.zizers-katholisch.ch\/site\/wp-json\/wp\/v2\/pages\/2\/revisions"}],"predecessor-version":[{"id":2605,"href":"https:\/\/www.zizers-katholisch.ch\/site\/wp-json\/wp\/v2\/pages\/2\/revisions\/2605"}],"wp:attachment":[{"href":"https:\/\/www.zizers-katholisch.ch\/site\/wp-json\/wp\/v2\/media?parent=2"}],"curies":[{"name":"wp","href":"https:\/\/api.w.org\/{rel}","templated":true}]}}