{"id":45,"date":"2017-04-18T16:36:56","date_gmt":"2017-04-18T14:36:56","guid":{"rendered":"http:\/\/www.zizers-katholisch.ch\/site\/?page_id=45"},"modified":"2025-12-02T14:11:29","modified_gmt":"2025-12-02T13:11:29","slug":"liegenschaften","status":"publish","type":"page","link":"https:\/\/www.zizers-katholisch.ch\/site\/liegenschaften\/","title":{"rendered":"Liegenschaften"},"content":{"rendered":"<p><a href=\"#MFH Occursus\">MFH Occursus<\/a><\/p>\n<p><a href=\"#Kirchgemeindehaus\">Kirchgemeindehaus &#8211; Vermietung Saal<\/a><\/p>\n<p><a href=\"#MFH\">MFH Pfarrbungert<\/a><\/p>\n<p><a href=\"#Lageplan\">Lageplan<\/a><\/p>\n<p><a href=\"#Land\">Pacht- und Baurechtland<\/a><\/p>\n<hr id=\"Kirchgemeindehaus\" \/>\n<h1>MFH Occursus<\/h1>\n<p><img loading=\"lazy\" class=\"alignnone size-full wp-image-2456\" src=\"http:\/\/www.zizers-katholisch.ch\/site\/wp-content\/uploads\/2025\/12\/Occursus-Front.jpg\" alt=\"\" width=\"1386\" height=\"541\" srcset=\"https:\/\/www.zizers-katholisch.ch\/site\/wp-content\/uploads\/2025\/12\/Occursus-Front.jpg 1386w, https:\/\/www.zizers-katholisch.ch\/site\/wp-content\/uploads\/2025\/12\/Occursus-Front-300x117.jpg 300w, https:\/\/www.zizers-katholisch.ch\/site\/wp-content\/uploads\/2025\/12\/Occursus-Front-1024x400.jpg 1024w, https:\/\/www.zizers-katholisch.ch\/site\/wp-content\/uploads\/2025\/12\/Occursus-Front-768x300.jpg 768w, https:\/\/www.zizers-katholisch.ch\/site\/wp-content\/uploads\/2025\/12\/Occursus-Front-500x195.jpg 500w\" sizes=\"(max-width: 1386px) 100vw, 1386px\" \/><\/p>\n<p><img loading=\"lazy\" class=\"alignnone size-full wp-image-2457\" src=\"http:\/\/www.zizers-katholisch.ch\/site\/wp-content\/uploads\/2025\/12\/Occursus-1.jpg\" alt=\"\" width=\"1386\" height=\"678\" srcset=\"https:\/\/www.zizers-katholisch.ch\/site\/wp-content\/uploads\/2025\/12\/Occursus-1.jpg 1386w, https:\/\/www.zizers-katholisch.ch\/site\/wp-content\/uploads\/2025\/12\/Occursus-1-300x147.jpg 300w, https:\/\/www.zizers-katholisch.ch\/site\/wp-content\/uploads\/2025\/12\/Occursus-1-1024x501.jpg 1024w, https:\/\/www.zizers-katholisch.ch\/site\/wp-content\/uploads\/2025\/12\/Occursus-1-768x376.jpg 768w, https:\/\/www.zizers-katholisch.ch\/site\/wp-content\/uploads\/2025\/12\/Occursus-1-500x245.jpg 500w\" sizes=\"(max-width: 1386px) 100vw, 1386px\" \/><br \/>\n<a href=\"http:\/\/www.zizers-katholisch.ch\/site\/wp-content\/uploads\/2025\/12\/Occursus-fuer-Dorfzeitung.pdf\">Bericht Dorfzitig<\/a><br \/>\n<a href=\"http:\/\/www.zizers-katholisch.ch\/site\/wp-content\/uploads\/2025\/12\/Grundriss-Occursus-zugeschnitten.jpg\">Grundriss<\/a><br \/>\n<a href=\"http:\/\/www.zizers-katholisch.ch\/site\/wp-content\/uploads\/2025\/12\/Occursus-00-3-BG-Fassaden.pdf\">Fassaden<\/a><br \/>\n<a href=\"http:\/\/www.zizers-katholisch.ch\/site\/wp-content\/uploads\/2025\/12\/Occursus-00-4-BG-Schnitte.pdf\">Schnitte<\/a><br \/>\n<a href=\"http:\/\/www.zizers-katholisch.ch\/site\/wp-content\/uploads\/2025\/12\/Occursus-Untergeschoss.pdf\">Untergeschoss<\/a><br \/>\n<a href=\"http:\/\/www.zizers-katholisch.ch\/site\/wp-content\/uploads\/2025\/12\/Occursus-Erdgeschoss.pdf\">Erdgeschoss<\/a><br \/>\n<a href=\"http:\/\/www.zizers-katholisch.ch\/site\/wp-content\/uploads\/2025\/12\/Occursus-Obergeschoss.pdf\">Obergeschoss<\/a><br \/>\n<a href=\"http:\/\/www.zizers-katholisch.ch\/site\/wp-content\/uploads\/2025\/12\/Occursus-Dachgeschoss.pdf\">Dachgeschoss<\/a><\/p>\n<h1><\/h1>\n<h1>Kath. Kirchgemeindehaus Zizers<\/h1>\n<p><img loading=\"lazy\" class=\"alignnone size-medium\" src=\"http:\/\/www.zizers-katholisch.ch\/pics\/kirchgemeindehaus.jpg\" width=\"400\" height=\"300\" \/><\/p>\n<p>Unterlagen Vermietung Saal:<br \/>\n&#8211; <a href=\"http:\/\/www.zizers-katholisch.ch\/site\/wp-content\/uploads\/2023\/11\/Gesuchsformular-2023.pdf\">Gesuchsformular<\/a><br \/>\n&#8211; <a href=\"http:\/\/www.zizers-katholisch.ch\/site\/wp-content\/uploads\/2023\/11\/Reglement-2023.pdf\">Benutzungsreglement<\/a><\/p>\n<p>Die Kath. Kirchgemeinde Zizers ist stolz, im Besitze des im Jahre 1998 erstellten &#8222;Kirchgemeindehaus&#8220; oder auch &#8222;Pfarreizentrum&#8220; genannt, zu sein. Unser Zentrum soll eine St\u00e4tte der Begegnung sein. Es dient dem Aufbau einer lebendigen Pfarrei durch F\u00f6rderung des Pfarreilebens in religi\u00f6ser, kultureller und gesellschaftlicher Hinsicht und steht grunds\u00e4tzlich allen offen. Es dient aber vorab den Angeh\u00f6rigen der katholischen Kirchgemeinde und deren Vereine und Organisationen.<\/p>\n<p>Diese wohldurchdachte Liegenschaft besteht aus 6 Mietwohnungen sowie im Erdgeschoss aus dem \u00f6ffentlichen Bereich; den Kirchgemeinde-R\u00e4umen. Diese bestehen aus 2 freundlich hellen S\u00e4len, K\u00fcche, Sitzungszimmer, Nasszellen und einem grossz\u00fcgigen Foyer.<\/p>\n<h2>Erdgeschoss: Kirchgemeinde-R\u00e4ume<\/h2>\n<p><img loading=\"lazy\" class=\"alignnone size-medium\" src=\"http:\/\/www.zizers-katholisch.ch\/pics\/erdgeschoss.jpg\" width=\"677\" height=\"749\" \/><\/p>\n<p>Alle R\u00e4ume f\u00fcr die Kirchgemeinde sind im EG rollstuhlg\u00e4ngig. Der Saal ist bei Restaurations- und Konzertbestuhlung f\u00fcr 100 Personen geeignet. Unterteilt kann jede Saalh\u00e4lfte unabh\u00e4ngig f\u00fcr verschiedene Zwecke genutzt werden. Die Saalbewirtschaftung kann direkt vom Office oder \u00fcber das Foyer erfolgen. Der ganze &#8222;\u00f6ffentliche&#8220; Bereich ist nach Normen SN 521500 behindertengerecht erstellt worden.<\/p>\n<h2>Wohnungen<\/h2>\n<p><img loading=\"lazy\" class=\"alignnone size-medium\" src=\"http:\/\/www.zizers-katholisch.ch\/pics\/schemawohn.jpg\" width=\"684\" height=\"404\" \/><\/p>\n<p>Die Wohnungen sind getrennt vom \u00f6ffentlichen Bereich mit einem privaten, behindertengerechten Zugang erschlossen. Details ersehen Sie aus dem detaillierten Schemaschnitt. Die gedeckten Parkpl\u00e4tze im Untergeschoss k\u00f6nnen hausintern erreicht werden.<\/p>\n<h2>Umgebung<\/h2>\n<p><img loading=\"lazy\" class=\"alignnone size-medium\" src=\"http:\/\/www.zizers-katholisch.ch\/pics\/lage_h.jpg\" width=\"738\" height=\"735\" \/><\/p>\n<p>Die Liegenschaft finden Sie an der Vialstr. 10 in Zizers und ist sehr zentral gelegen. Mehrere Parkpl\u00e4tze sind vorhanden. Der Spielplatz ist an besonnter Aussichtslage neben dem Pfarrhausgarten angelegt.<\/p>\n<h2>Kontaktadressen<\/h2>\n<h2>\u00f6ffentlicher Bereich (S\u00e4le usw.):<\/h2>\n<p>Frau B. Gabriel Zizers, Telefon Nr. 081\/322&#8217;59&#8217;64, Natel 079\/365&#8217;83&#8217;55<\/p>\n<h2>Vermietung Wohnungen<\/h2>\n<p>Kath. Kirchgemeinde, Sekretariat, Vialstr. 12, 7205 Zizers \/ 081 322 12 93<\/p>\n<p><a href=\"#main\">nach oben<\/a><\/p>\n<hr id=\"MFH\" \/>\n<h1>MFH Pfarrbungert<\/h1>\n<p><img loading=\"lazy\" class=\"alignnone size-medium\" src=\"http:\/\/www.zizers-katholisch.ch\/pics\/pfarrbungert.jpg\" width=\"400\" height=\"279\" \/><\/p>\n<p>Die Pl\u00e4ne des Pfarrbungerts, sind hier publiziert.<\/p>\n<p><a href=\"http:\/\/www.zizers-katholisch.ch\/site\/wp-content\/uploads\/2017\/04\/Normalgeschosse.pdf\" target=\"_blank\" rel=\"noopener noreferrer\">Normalgeschosse<\/a><br \/>\n(zum \u00f6ffnen anklicken)<\/p>\n<p><a href=\"http:\/\/www.zizers-katholisch.ch\/site\/wp-content\/uploads\/2017\/04\/Eingangsgeschoss.pdf\" target=\"_blank\" rel=\"noopener noreferrer\">Eingangsgeschoss<\/a><br \/>\n(zum \u00f6ffnen anklicken)<\/p>\n<p><a href=\"http:\/\/www.zizers-katholisch.ch\/site\/wp-content\/uploads\/2017\/04\/Kellergeschoss.pdf\" target=\"_blank\" rel=\"noopener noreferrer\">Kellergeschoss<\/a><br \/>\n(zum \u00f6ffnen anklicken)<\/p>\n<p><a href=\"#main\">nach oben<\/a><\/p>\n<hr id=\"Lageplan\" \/>\n<h1>Lageplan<\/h1>\n<p><img loading=\"lazy\" class=\"alignnone size-medium\" src=\"http:\/\/www.zizers-katholisch.ch\/pics\/lage.jpg\" width=\"709\" height=\"193\" \/><\/p>\n<h2>Legende:<\/h2>\n<p>1. Katholische Kirche<br \/>\n2. Kirchgemeindehaus<br \/>\n3. Pfarrhaus<br \/>\n4. Johannesstift<\/p>\n<p><a href=\"#main\">nach oben<\/a><\/p>\n<hr id=\"Land\" \/>\n<h1>Pacht- und Baurechtland<\/h1>\n<p>Die Katholische Kirchgemeinde Zizers besitzt und verwaltet diverses<br \/>\n<strong>Pacht-<\/strong> und <strong>Baurechtland<\/strong> in Zizers.<\/p>\n<h2>Auskunft:<\/h2>\n<p>Sekretariat Kath. Kirchgemeinde Zizers<br \/>\nTelefon: 081\/322 12 93<\/p>\n","protected":false},"excerpt":{"rendered":"<p>MFH Occursus Kirchgemeindehaus &#8211; Vermietung Saal MFH Pfarrbungert Lageplan Pacht- und Baurechtland MFH Occursus Bericht Dorfzitig Grundriss Fassaden Schnitte Untergeschoss Erdgeschoss Obergeschoss Dachgeschoss Kath. Kirchgemeindehaus Zizers Unterlagen Vermietung Saal: &#8211; Gesuchsformular &#8211; Benutzungsreglement Die Kath. Kirchgemeinde Zizers ist stolz, im &hellip; <a href=\"https:\/\/www.zizers-katholisch.ch\/site\/liegenschaften\/\">Weiterlesen <span class=\"meta-nav\">&rarr;<\/span><\/a><\/p>\n","protected":false},"author":2,"featured_media":0,"parent":0,"menu_order":0,"comment_status":"closed","ping_status":"closed","template":"","meta":[],"yoast_head":"<!-- This site is optimized with the Yoast SEO plugin v15.1.1 - https:\/\/yoast.com\/wordpress\/plugins\/seo\/ -->\n<meta name=\"robots\" content=\"index, follow, max-snippet:-1, max-image-preview:large, max-video-preview:-1\" \/>\n<link rel=\"canonical\" href=\"http:\/\/www.zizers-katholisch.ch\/site\/liegenschaften\/\" \/>\n<meta property=\"og:locale\" content=\"de_DE\" \/>\n<meta property=\"og:type\" content=\"article\" \/>\n<meta property=\"og:title\" content=\"Katholische Kirchgemeinde Zizers\" \/>\n<meta property=\"og:description\" content=\"MFH Occursus Kirchgemeindehaus &#8211; Vermietung Saal MFH Pfarrbungert Lageplan Pacht- und Baurechtland MFH Occursus Bericht Dorfzitig Grundriss Fassaden Schnitte Untergeschoss Erdgeschoss Obergeschoss Dachgeschoss Kath. Kirchgemeindehaus Zizers Unterlagen Vermietung Saal: &#8211; Gesuchsformular &#8211; Benutzungsreglement Die Kath. Kirchgemeinde Zizers ist stolz, im &hellip; Weiterlesen &rarr;\" \/>\n<meta property=\"og:url\" content=\"http:\/\/www.zizers-katholisch.ch\/site\/liegenschaften\/\" \/>\n<meta property=\"og:site_name\" content=\"Katholische Kirchgemeinde Zizers\" \/>\n<meta property=\"article:modified_time\" content=\"2025-12-02T13:11:29+00:00\" \/>\n<meta property=\"og:image\" content=\"http:\/\/www.zizers-katholisch.ch\/site\/wp-content\/uploads\/2025\/12\/Occursus-Front.jpg\" \/>\n<meta name=\"twitter:card\" content=\"summary\" \/>\n<script type=\"application\/ld+json\" class=\"yoast-schema-graph\">{\"@context\":\"https:\/\/schema.org\",\"@graph\":[{\"@type\":\"WebSite\",\"@id\":\"https:\/\/www.zizers-katholisch.ch\/site\/#website\",\"url\":\"https:\/\/www.zizers-katholisch.ch\/site\/\",\"name\":\"Katholische Kirchgemeinde Zizers\",\"description\":\"Herzlich Willkommen in unserer Kirchgemeinde!\",\"potentialAction\":[{\"@type\":\"SearchAction\",\"target\":\"https:\/\/www.zizers-katholisch.ch\/site\/?s={search_term_string}\",\"query-input\":\"required name=search_term_string\"}],\"inLanguage\":\"de\"},{\"@type\":\"ImageObject\",\"@id\":\"http:\/\/www.zizers-katholisch.ch\/site\/liegenschaften\/#primaryimage\",\"inLanguage\":\"de\",\"url\":\"http:\/\/www.zizers-katholisch.ch\/site\/wp-content\/uploads\/2025\/12\/Occursus-Front.jpg\"},{\"@type\":\"WebPage\",\"@id\":\"http:\/\/www.zizers-katholisch.ch\/site\/liegenschaften\/#webpage\",\"url\":\"http:\/\/www.zizers-katholisch.ch\/site\/liegenschaften\/\",\"name\":\"Katholische Kirchgemeinde Zizers\",\"isPartOf\":{\"@id\":\"https:\/\/www.zizers-katholisch.ch\/site\/#website\"},\"primaryImageOfPage\":{\"@id\":\"http:\/\/www.zizers-katholisch.ch\/site\/liegenschaften\/#primaryimage\"},\"datePublished\":\"2017-04-18T14:36:56+00:00\",\"dateModified\":\"2025-12-02T13:11:29+00:00\",\"inLanguage\":\"de\",\"potentialAction\":[{\"@type\":\"ReadAction\",\"target\":[\"http:\/\/www.zizers-katholisch.ch\/site\/liegenschaften\/\"]}]}]}<\/script>\n<!-- \/ Yoast SEO plugin. -->","_links":{"self":[{"href":"https:\/\/www.zizers-katholisch.ch\/site\/wp-json\/wp\/v2\/pages\/45"}],"collection":[{"href":"https:\/\/www.zizers-katholisch.ch\/site\/wp-json\/wp\/v2\/pages"}],"about":[{"href":"https:\/\/www.zizers-katholisch.ch\/site\/wp-json\/wp\/v2\/types\/page"}],"author":[{"embeddable":true,"href":"https:\/\/www.zizers-katholisch.ch\/site\/wp-json\/wp\/v2\/users\/2"}],"replies":[{"embeddable":true,"href":"https:\/\/www.zizers-katholisch.ch\/site\/wp-json\/wp\/v2\/comments?post=45"}],"version-history":[{"count":36,"href":"https:\/\/www.zizers-katholisch.ch\/site\/wp-json\/wp\/v2\/pages\/45\/revisions"}],"predecessor-version":[{"id":2478,"href":"https:\/\/www.zizers-katholisch.ch\/site\/wp-json\/wp\/v2\/pages\/45\/revisions\/2478"}],"wp:attachment":[{"href":"https:\/\/www.zizers-katholisch.ch\/site\/wp-json\/wp\/v2\/media?parent=45"}],"curies":[{"name":"wp","href":"https:\/\/api.w.org\/{rel}","templated":true}]}}